{"id":287,"date":"2020-07-05T16:39:45","date_gmt":"2020-07-05T14:39:45","guid":{"rendered":"https:\/\/finsamuppsala.redoniondev.se\/utbildning\/?page_id=287"},"modified":"2024-06-25T12:49:56","modified_gmt":"2024-06-25T10:49:56","slug":"forebyggande-halsoframjande-arbete","status":"publish","type":"page","link":"https:\/\/finsamuppsala.se\/utbildning\/forebyggande-halsoframjande-arbete\/","title":{"rendered":"F\u00f6rebyggande h\u00e4lsofr\u00e4mjande arbete"},"content":{"rendered":"","protected":false},"excerpt":{"rendered":"","protected":false},"author":1,"featured_media":0,"parent":0,"menu_order":0,"comment_status":"closed","ping_status":"closed","template":"","meta":[],"yoast_head":"<!-- This site is optimized with the Yoast SEO plugin v18.4.1 - https:\/\/yoast.com\/wordpress\/plugins\/seo\/ -->\n<title>F\u00f6rebyggande h\u00e4lsofr\u00e4mjande arbete - Samordningsf\u00f6rbundet Uppsala l\u00e4n<\/title>\n<meta name=\"robots\" content=\"index, follow, max-snippet:-1, max-image-preview:large, max-video-preview:-1\" \/>\n<link rel=\"canonical\" href=\"https:\/\/finsamuppsala.se\/utbildning\/forebyggande-halsoframjande-arbete\/\" \/>\n<meta property=\"og:locale\" content=\"sv_SE\" \/>\n<meta property=\"og:type\" content=\"article\" \/>\n<meta property=\"og:title\" content=\"F\u00f6rebyggande h\u00e4lsofr\u00e4mjande arbete - Samordningsf\u00f6rbundet Uppsala l\u00e4n\" \/>\n<meta property=\"og:url\" content=\"https:\/\/finsamuppsala.se\/utbildning\/forebyggande-halsoframjande-arbete\/\" \/>\n<meta property=\"og:site_name\" content=\"Samordningsf\u00f6rbundet Uppsala l\u00e4n\" \/>\n<meta property=\"article:modified_time\" content=\"2024-06-25T10:49:56+00:00\" \/>\n<meta name=\"twitter:card\" content=\"summary_large_image\" \/>\n<script type=\"application\/ld+json\" class=\"yoast-schema-graph\">{\"@context\":\"https:\/\/schema.org\",\"@graph\":[{\"@type\":\"WebSite\",\"@id\":\"https:\/\/finsamuppsala.se\/utbildning\/#website\",\"url\":\"https:\/\/finsamuppsala.se\/utbildning\/\",\"name\":\"Samordningsf\u00f6rbundet Uppsala l\u00e4n\",\"description\":\"\",\"potentialAction\":[{\"@type\":\"SearchAction\",\"target\":{\"@type\":\"EntryPoint\",\"urlTemplate\":\"https:\/\/finsamuppsala.se\/utbildning\/?s={search_term_string}\"},\"query-input\":\"required name=search_term_string\"}],\"inLanguage\":\"sv-SE\"},{\"@type\":\"WebPage\",\"@id\":\"https:\/\/finsamuppsala.se\/utbildning\/forebyggande-halsoframjande-arbete\/#webpage\",\"url\":\"https:\/\/finsamuppsala.se\/utbildning\/forebyggande-halsoframjande-arbete\/\",\"name\":\"F\u00f6rebyggande h\u00e4lsofr\u00e4mjande arbete - Samordningsf\u00f6rbundet Uppsala l\u00e4n\",\"isPartOf\":{\"@id\":\"https:\/\/finsamuppsala.se\/utbildning\/#website\"},\"datePublished\":\"2020-07-05T14:39:45+00:00\",\"dateModified\":\"2024-06-25T10:49:56+00:00\",\"breadcrumb\":{\"@id\":\"https:\/\/finsamuppsala.se\/utbildning\/forebyggande-halsoframjande-arbete\/#breadcrumb\"},\"inLanguage\":\"sv-SE\",\"potentialAction\":[{\"@type\":\"ReadAction\",\"target\":[\"https:\/\/finsamuppsala.se\/utbildning\/forebyggande-halsoframjande-arbete\/\"]}]},{\"@type\":\"BreadcrumbList\",\"@id\":\"https:\/\/finsamuppsala.se\/utbildning\/forebyggande-halsoframjande-arbete\/#breadcrumb\",\"itemListElement\":[{\"@type\":\"ListItem\",\"position\":1,\"name\":\"Home\",\"item\":\"https:\/\/finsamuppsala.se\/utbildning\/\"},{\"@type\":\"ListItem\",\"position\":2,\"name\":\"F\u00f6rebyggande h\u00e4lsofr\u00e4mjande arbete\"}]}]}<\/script>\n<!-- \/ Yoast SEO plugin. -->","yoast_head_json":{"title":"F\u00f6rebyggande h\u00e4lsofr\u00e4mjande arbete - Samordningsf\u00f6rbundet Uppsala l\u00e4n","robots":{"index":"index","follow":"follow","max-snippet":"max-snippet:-1","max-image-preview":"max-image-preview:large","max-video-preview":"max-video-preview:-1"},"canonical":"https:\/\/finsamuppsala.se\/utbildning\/forebyggande-halsoframjande-arbete\/","og_locale":"sv_SE","og_type":"article","og_title":"F\u00f6rebyggande h\u00e4lsofr\u00e4mjande arbete - Samordningsf\u00f6rbundet Uppsala l\u00e4n","og_url":"https:\/\/finsamuppsala.se\/utbildning\/forebyggande-halsoframjande-arbete\/","og_site_name":"Samordningsf\u00f6rbundet Uppsala l\u00e4n","article_modified_time":"2024-06-25T10:49:56+00:00","twitter_card":"summary_large_image","schema":{"@context":"https:\/\/schema.org","@graph":[{"@type":"WebSite","@id":"https:\/\/finsamuppsala.se\/utbildning\/#website","url":"https:\/\/finsamuppsala.se\/utbildning\/","name":"Samordningsf\u00f6rbundet Uppsala l\u00e4n","description":"","potentialAction":[{"@type":"SearchAction","target":{"@type":"EntryPoint","urlTemplate":"https:\/\/finsamuppsala.se\/utbildning\/?s={search_term_string}"},"query-input":"required name=search_term_string"}],"inLanguage":"sv-SE"},{"@type":"WebPage","@id":"https:\/\/finsamuppsala.se\/utbildning\/forebyggande-halsoframjande-arbete\/#webpage","url":"https:\/\/finsamuppsala.se\/utbildning\/forebyggande-halsoframjande-arbete\/","name":"F\u00f6rebyggande h\u00e4lsofr\u00e4mjande arbete - Samordningsf\u00f6rbundet Uppsala l\u00e4n","isPartOf":{"@id":"https:\/\/finsamuppsala.se\/utbildning\/#website"},"datePublished":"2020-07-05T14:39:45+00:00","dateModified":"2024-06-25T10:49:56+00:00","breadcrumb":{"@id":"https:\/\/finsamuppsala.se\/utbildning\/forebyggande-halsoframjande-arbete\/#breadcrumb"},"inLanguage":"sv-SE","potentialAction":[{"@type":"ReadAction","target":["https:\/\/finsamuppsala.se\/utbildning\/forebyggande-halsoframjande-arbete\/"]}]},{"@type":"BreadcrumbList","@id":"https:\/\/finsamuppsala.se\/utbildning\/forebyggande-halsoframjande-arbete\/#breadcrumb","itemListElement":[{"@type":"ListItem","position":1,"name":"Home","item":"https:\/\/finsamuppsala.se\/utbildning\/"},{"@type":"ListItem","position":2,"name":"F\u00f6rebyggande h\u00e4lsofr\u00e4mjande arbete"}]}]}},"_links":{"self":[{"href":"https:\/\/finsamuppsala.se\/utbildning\/wp-json\/wp\/v2\/pages\/287"}],"collection":[{"href":"https:\/\/finsamuppsala.se\/utbildning\/wp-json\/wp\/v2\/pages"}],"about":[{"href":"https:\/\/finsamuppsala.se\/utbildning\/wp-json\/wp\/v2\/types\/page"}],"author":[{"embeddable":true,"href":"https:\/\/finsamuppsala.se\/utbildning\/wp-json\/wp\/v2\/users\/1"}],"replies":[{"embeddable":true,"href":"https:\/\/finsamuppsala.se\/utbildning\/wp-json\/wp\/v2\/comments?post=287"}],"version-history":[{"count":11,"href":"https:\/\/finsamuppsala.se\/utbildning\/wp-json\/wp\/v2\/pages\/287\/revisions"}],"predecessor-version":[{"id":1028,"href":"https:\/\/finsamuppsala.se\/utbildning\/wp-json\/wp\/v2\/pages\/287\/revisions\/1028"}],"wp:attachment":[{"href":"https:\/\/finsamuppsala.se\/utbildning\/wp-json\/wp\/v2\/media?parent=287"}],"curies":[{"name":"wp","href":"https:\/\/api.w.org\/{rel}","templated":true}]}}