{"id":9,"date":"2020-07-05T16:28:33","date_gmt":"2020-07-05T14:28:33","guid":{"rendered":"https:\/\/finsamuppsala.redoniondev.se\/utbildning\/?page_id=9"},"modified":"2022-11-11T15:24:52","modified_gmt":"2022-11-11T14:24:52","slug":"hem","status":"publish","type":"page","link":"https:\/\/finsamuppsala.se\/utbildning\/","title":{"rendered":"Hem"},"content":{"rendered":"","protected":false},"excerpt":{"rendered":"","protected":false},"author":1,"featured_media":0,"parent":0,"menu_order":0,"comment_status":"closed","ping_status":"closed","template":"","meta":[],"yoast_head":"<!-- This site is optimized with the Yoast SEO plugin v18.4.1 - https:\/\/yoast.com\/wordpress\/plugins\/seo\/ -->\n<title>Utbildningsmaterial - Samordningsf\u00f6rbundet Uppsala l\u00e4n<\/title>\n<meta name=\"description\" content=\"\u00d6ppna upp din arbetsplats och rekrytera nya medarbetare med outnyttjade f\u00f6rm\u00e5gor och bygg samtidigt upp er kompetens p\u00e5 arbetsplatsen.\" \/>\n<meta name=\"robots\" content=\"index, follow, max-snippet:-1, max-image-preview:large, max-video-preview:-1\" \/>\n<link rel=\"canonical\" href=\"https:\/\/finsamuppsala.se\/utbildning\/\" \/>\n<meta property=\"og:locale\" content=\"sv_SE\" \/>\n<meta property=\"og:type\" content=\"article\" \/>\n<meta property=\"og:title\" content=\"Utbildningsmaterial - Samordningsf\u00f6rbundet Uppsala l\u00e4n\" \/>\n<meta property=\"og:description\" content=\"\u00d6ppna upp din arbetsplats och rekrytera nya medarbetare med outnyttjade f\u00f6rm\u00e5gor och bygg samtidigt upp er kompetens p\u00e5 arbetsplatsen.\" \/>\n<meta property=\"og:url\" content=\"https:\/\/finsamuppsala.se\/utbildning\/\" \/>\n<meta property=\"og:site_name\" content=\"Samordningsf\u00f6rbundet Uppsala l\u00e4n\" \/>\n<meta property=\"article:modified_time\" content=\"2022-11-11T14:24:52+00:00\" \/>\n<meta name=\"twitter:card\" content=\"summary_large_image\" \/>\n<script type=\"application\/ld+json\" class=\"yoast-schema-graph\">{\"@context\":\"https:\/\/schema.org\",\"@graph\":[{\"@type\":\"WebSite\",\"@id\":\"https:\/\/finsamuppsala.se\/utbildning\/#website\",\"url\":\"https:\/\/finsamuppsala.se\/utbildning\/\",\"name\":\"Samordningsf\u00f6rbundet Uppsala l\u00e4n\",\"description\":\"\",\"potentialAction\":[{\"@type\":\"SearchAction\",\"target\":{\"@type\":\"EntryPoint\",\"urlTemplate\":\"https:\/\/finsamuppsala.se\/utbildning\/?s={search_term_string}\"},\"query-input\":\"required name=search_term_string\"}],\"inLanguage\":\"sv-SE\"},{\"@type\":\"WebPage\",\"@id\":\"https:\/\/finsamuppsala.se\/utbildning\/#webpage\",\"url\":\"https:\/\/finsamuppsala.se\/utbildning\/\",\"name\":\"Utbildningsmaterial - Samordningsf\u00f6rbundet Uppsala l\u00e4n\",\"isPartOf\":{\"@id\":\"https:\/\/finsamuppsala.se\/utbildning\/#website\"},\"datePublished\":\"2020-07-05T14:28:33+00:00\",\"dateModified\":\"2022-11-11T14:24:52+00:00\",\"description\":\"\u00d6ppna upp din arbetsplats och rekrytera nya medarbetare med outnyttjade f\u00f6rm\u00e5gor och bygg samtidigt upp er kompetens p\u00e5 arbetsplatsen.\",\"breadcrumb\":{\"@id\":\"https:\/\/finsamuppsala.se\/utbildning\/#breadcrumb\"},\"inLanguage\":\"sv-SE\",\"potentialAction\":[{\"@type\":\"ReadAction\",\"target\":[\"https:\/\/finsamuppsala.se\/utbildning\/\"]}]},{\"@type\":\"BreadcrumbList\",\"@id\":\"https:\/\/finsamuppsala.se\/utbildning\/#breadcrumb\",\"itemListElement\":[{\"@type\":\"ListItem\",\"position\":1,\"name\":\"Home\",\"item\":\"https:\/\/finsamuppsala.se\/utbildning\/\"},{\"@type\":\"ListItem\",\"position\":2,\"name\":\"Hem\"}]}]}<\/script>\n<!-- \/ Yoast SEO plugin. -->","yoast_head_json":{"title":"Utbildningsmaterial - Samordningsf\u00f6rbundet Uppsala l\u00e4n","description":"\u00d6ppna upp din arbetsplats och rekrytera nya medarbetare med outnyttjade f\u00f6rm\u00e5gor och bygg samtidigt upp er kompetens p\u00e5 arbetsplatsen.","robots":{"index":"index","follow":"follow","max-snippet":"max-snippet:-1","max-image-preview":"max-image-preview:large","max-video-preview":"max-video-preview:-1"},"canonical":"https:\/\/finsamuppsala.se\/utbildning\/","og_locale":"sv_SE","og_type":"article","og_title":"Utbildningsmaterial - Samordningsf\u00f6rbundet Uppsala l\u00e4n","og_description":"\u00d6ppna upp din arbetsplats och rekrytera nya medarbetare med outnyttjade f\u00f6rm\u00e5gor och bygg samtidigt upp er kompetens p\u00e5 arbetsplatsen.","og_url":"https:\/\/finsamuppsala.se\/utbildning\/","og_site_name":"Samordningsf\u00f6rbundet Uppsala l\u00e4n","article_modified_time":"2022-11-11T14:24:52+00:00","twitter_card":"summary_large_image","schema":{"@context":"https:\/\/schema.org","@graph":[{"@type":"WebSite","@id":"https:\/\/finsamuppsala.se\/utbildning\/#website","url":"https:\/\/finsamuppsala.se\/utbildning\/","name":"Samordningsf\u00f6rbundet Uppsala l\u00e4n","description":"","potentialAction":[{"@type":"SearchAction","target":{"@type":"EntryPoint","urlTemplate":"https:\/\/finsamuppsala.se\/utbildning\/?s={search_term_string}"},"query-input":"required name=search_term_string"}],"inLanguage":"sv-SE"},{"@type":"WebPage","@id":"https:\/\/finsamuppsala.se\/utbildning\/#webpage","url":"https:\/\/finsamuppsala.se\/utbildning\/","name":"Utbildningsmaterial - Samordningsf\u00f6rbundet Uppsala l\u00e4n","isPartOf":{"@id":"https:\/\/finsamuppsala.se\/utbildning\/#website"},"datePublished":"2020-07-05T14:28:33+00:00","dateModified":"2022-11-11T14:24:52+00:00","description":"\u00d6ppna upp din arbetsplats och rekrytera nya medarbetare med outnyttjade f\u00f6rm\u00e5gor och bygg samtidigt upp er kompetens p\u00e5 arbetsplatsen.","breadcrumb":{"@id":"https:\/\/finsamuppsala.se\/utbildning\/#breadcrumb"},"inLanguage":"sv-SE","potentialAction":[{"@type":"ReadAction","target":["https:\/\/finsamuppsala.se\/utbildning\/"]}]},{"@type":"BreadcrumbList","@id":"https:\/\/finsamuppsala.se\/utbildning\/#breadcrumb","itemListElement":[{"@type":"ListItem","position":1,"name":"Home","item":"https:\/\/finsamuppsala.se\/utbildning\/"},{"@type":"ListItem","position":2,"name":"Hem"}]}]}},"_links":{"self":[{"href":"https:\/\/finsamuppsala.se\/utbildning\/wp-json\/wp\/v2\/pages\/9"}],"collection":[{"href":"https:\/\/finsamuppsala.se\/utbildning\/wp-json\/wp\/v2\/pages"}],"about":[{"href":"https:\/\/finsamuppsala.se\/utbildning\/wp-json\/wp\/v2\/types\/page"}],"author":[{"embeddable":true,"href":"https:\/\/finsamuppsala.se\/utbildning\/wp-json\/wp\/v2\/users\/1"}],"replies":[{"embeddable":true,"href":"https:\/\/finsamuppsala.se\/utbildning\/wp-json\/wp\/v2\/comments?post=9"}],"version-history":[{"count":10,"href":"https:\/\/finsamuppsala.se\/utbildning\/wp-json\/wp\/v2\/pages\/9\/revisions"}],"predecessor-version":[{"id":1016,"href":"https:\/\/finsamuppsala.se\/utbildning\/wp-json\/wp\/v2\/pages\/9\/revisions\/1016"}],"wp:attachment":[{"href":"https:\/\/finsamuppsala.se\/utbildning\/wp-json\/wp\/v2\/media?parent=9"}],"curies":[{"name":"wp","href":"https:\/\/api.w.org\/{rel}","templated":true}]}}